{"id":9496397,"date":"2025-03-20T08:03:40","date_gmt":"2025-03-20T08:03:40","guid":{"rendered":"https:\/\/tpohotelariaecasa.pt\/index.php\/product\/tampa-gastronorm-gn-1-2-policarbonato\/"},"modified":"2025-04-03T09:10:13","modified_gmt":"2025-04-03T09:10:13","slug":"tampa-gastronorm-gn-1-2-policarbonato","status":"publish","type":"product","link":"https:\/\/tpohotelariaecasa.pt\/index.php\/product\/tampa-gastronorm-gn-1-2-policarbonato\/","title":{"rendered":"Tampa Gastronorm &#8211; GN 1\/2 &#8211; Policarbonato"},"content":{"rendered":"","protected":false},"excerpt":{"rendered":"<p>Esta tampa Gastronorm 1\/2 transparente \u00e9 feita de policarbonato e \u00e9 empilh\u00e1vel e lav\u00e1vel na m\u00e1quina de lavar lou\u00e7a. \u00c9 praticamente inquebr\u00e1vel. Pode utilizar esta tampa para cobrir os recipientes GN de policarbonato da Maxima. \u00c9 compat\u00edvel com muitos tipos diferentes de equipamento de restaura\u00e7\u00e3o, tais como fornos, equipamento de arrefecimento, banho-maria e pratos de assar. consulte Mais informa\u00e7\u00e3o<\/p>\n","protected":false},"featured_media":9496396,"comment_status":"open","ping_status":"closed","template":"","meta":[],"product_cat":[21,106],"product_tag":[],"class_list":["post-9496397","product","type-product","status-publish","has-post-thumbnail","hentry","product_cat-restauracao","product_cat-recipientes-gn","product_shipping_class-pph"],"_links":{"self":[{"href":"https:\/\/tpohotelariaecasa.pt\/index.php\/wp-json\/wp\/v2\/product\/9496397"}],"collection":[{"href":"https:\/\/tpohotelariaecasa.pt\/index.php\/wp-json\/wp\/v2\/product"}],"about":[{"href":"https:\/\/tpohotelariaecasa.pt\/index.php\/wp-json\/wp\/v2\/types\/product"}],"replies":[{"embeddable":true,"href":"https:\/\/tpohotelariaecasa.pt\/index.php\/wp-json\/wp\/v2\/comments?post=9496397"}],"wp:featuredmedia":[{"embeddable":true,"href":"https:\/\/tpohotelariaecasa.pt\/index.php\/wp-json\/wp\/v2\/media\/9496396"}],"wp:attachment":[{"href":"https:\/\/tpohotelariaecasa.pt\/index.php\/wp-json\/wp\/v2\/media?parent=9496397"}],"wp:term":[{"taxonomy":"product_cat","embeddable":true,"href":"https:\/\/tpohotelariaecasa.pt\/index.php\/wp-json\/wp\/v2\/product_cat?post=9496397"},{"taxonomy":"product_tag","embeddable":true,"href":"https:\/\/tpohotelariaecasa.pt\/index.php\/wp-json\/wp\/v2\/product_tag?post=9496397"}],"curies":[{"name":"wp","href":"https:\/\/api.w.org\/{rel}","templated":true}]}}