{"id":9496511,"date":"2025-03-20T11:09:36","date_gmt":"2025-03-20T11:09:36","guid":{"rendered":"https:\/\/tpohotelariaecasa.pt\/index.php\/product\/espremedor-de-laranjas-automatico-8-kg-25-por-minuto\/"},"modified":"2025-04-03T09:10:15","modified_gmt":"2025-04-03T09:10:15","slug":"espremedor-de-laranjas-automatico-8-kg-25-por-minuto","status":"publish","type":"product","link":"https:\/\/tpohotelariaecasa.pt\/index.php\/product\/espremedor-de-laranjas-automatico-8-kg-25-por-minuto\/","title":{"rendered":"Espremedor de Laranjas Autom\u00e1tico &#8211; 8 kg &#8211; 25 Por Minuto"},"content":{"rendered":"","protected":false},"excerpt":{"rendered":"<p>Este espremedor autom\u00e1tico de laranja \u00e9 feito de a\u00e7o inoxid\u00e1vel de alta qualidade e \u00e9 muito f\u00e1cil de limpar. Com uma capacidade de carga de 8kg, pode espremer entre 18 a 25 laranjas por minuto, sem esfor\u00e7o. consulte Mais informa\u00e7\u00e3o<\/p>\n","protected":false},"featured_media":9496510,"comment_status":"open","ping_status":"closed","template":"","meta":[],"product_cat":[788,21,65],"product_tag":[],"class_list":["post-9496511","product","type-product","status-publish","has-post-thumbnail","hentry","product_cat-equipcafebar","product_cat-restauracao","product_cat-espremedor-de-sumo","product_shipping_class-gph"],"_links":{"self":[{"href":"https:\/\/tpohotelariaecasa.pt\/index.php\/wp-json\/wp\/v2\/product\/9496511"}],"collection":[{"href":"https:\/\/tpohotelariaecasa.pt\/index.php\/wp-json\/wp\/v2\/product"}],"about":[{"href":"https:\/\/tpohotelariaecasa.pt\/index.php\/wp-json\/wp\/v2\/types\/product"}],"replies":[{"embeddable":true,"href":"https:\/\/tpohotelariaecasa.pt\/index.php\/wp-json\/wp\/v2\/comments?post=9496511"}],"wp:featuredmedia":[{"embeddable":true,"href":"https:\/\/tpohotelariaecasa.pt\/index.php\/wp-json\/wp\/v2\/media\/9496510"}],"wp:attachment":[{"href":"https:\/\/tpohotelariaecasa.pt\/index.php\/wp-json\/wp\/v2\/media?parent=9496511"}],"wp:term":[{"taxonomy":"product_cat","embeddable":true,"href":"https:\/\/tpohotelariaecasa.pt\/index.php\/wp-json\/wp\/v2\/product_cat?post=9496511"},{"taxonomy":"product_tag","embeddable":true,"href":"https:\/\/tpohotelariaecasa.pt\/index.php\/wp-json\/wp\/v2\/product_tag?post=9496511"}],"curies":[{"name":"wp","href":"https:\/\/api.w.org\/{rel}","templated":true}]}}