{"id":9496515,"date":"2025-03-20T11:09:38","date_gmt":"2025-03-20T11:09:38","guid":{"rendered":"https:\/\/tpohotelariaecasa.pt\/index.php\/product\/saladette-67-l-incl-8-x-gn-1-6-modelo-de-mesa\/"},"modified":"2025-04-03T09:10:15","modified_gmt":"2025-04-03T09:10:15","slug":"saladette-67-l-incl-8-x-gn-1-6-modelo-de-mesa","status":"publish","type":"product","link":"https:\/\/tpohotelariaecasa.pt\/index.php\/product\/saladette-67-l-incl-8-x-gn-1-6-modelo-de-mesa\/","title":{"rendered":"Saladette &#8211; 67 l &#8211; incl. 8 x GN 1\/6 &#8211; Modelo de Mesa"},"content":{"rendered":"","protected":false},"excerpt":{"rendered":"<p>Esta bela mini salada de mesa tem uma capacidade de 67L e \u00e9 luxuosamente acabada. Gra\u00e7as ao seu tamanho compacto, cabe em todas as mesas. A superf\u00edcie de constru\u00e7\u00e3o e trabalho \u00e9 feita de a\u00e7o inoxid\u00e1vel e tem uma tampa de vidro. A saladette \u00e9 adequada para 8 x 1\/6 tabuleiros GN ou 4 x 1\/3 tabuleiros GN. consulte Mais informa\u00e7\u00e3o<\/p>\n","protected":false},"featured_media":9496514,"comment_status":"open","ping_status":"closed","template":"","meta":[],"product_cat":[21,80],"product_tag":[],"class_list":["post-9496515","product","type-product","status-publish","has-post-thumbnail","hentry","product_cat-restauracao","product_cat-saladete","product_shipping_class-gph"],"_links":{"self":[{"href":"https:\/\/tpohotelariaecasa.pt\/index.php\/wp-json\/wp\/v2\/product\/9496515"}],"collection":[{"href":"https:\/\/tpohotelariaecasa.pt\/index.php\/wp-json\/wp\/v2\/product"}],"about":[{"href":"https:\/\/tpohotelariaecasa.pt\/index.php\/wp-json\/wp\/v2\/types\/product"}],"replies":[{"embeddable":true,"href":"https:\/\/tpohotelariaecasa.pt\/index.php\/wp-json\/wp\/v2\/comments?post=9496515"}],"wp:featuredmedia":[{"embeddable":true,"href":"https:\/\/tpohotelariaecasa.pt\/index.php\/wp-json\/wp\/v2\/media\/9496514"}],"wp:attachment":[{"href":"https:\/\/tpohotelariaecasa.pt\/index.php\/wp-json\/wp\/v2\/media?parent=9496515"}],"wp:term":[{"taxonomy":"product_cat","embeddable":true,"href":"https:\/\/tpohotelariaecasa.pt\/index.php\/wp-json\/wp\/v2\/product_cat?post=9496515"},{"taxonomy":"product_tag","embeddable":true,"href":"https:\/\/tpohotelariaecasa.pt\/index.php\/wp-json\/wp\/v2\/product_tag?post=9496515"}],"curies":[{"name":"wp","href":"https:\/\/api.w.org\/{rel}","templated":true}]}}