{"id":9496517,"date":"2025-03-20T11:09:39","date_gmt":"2025-03-20T11:09:39","guid":{"rendered":"https:\/\/tpohotelariaecasa.pt\/index.php\/product\/saladette-257-l-90-cm-2-portas\/"},"modified":"2025-04-03T09:10:15","modified_gmt":"2025-04-03T09:10:15","slug":"saladette-257-l-90-cm-2-portas","status":"publish","type":"product","link":"https:\/\/tpohotelariaecasa.pt\/index.php\/product\/saladette-257-l-90-cm-2-portas\/","title":{"rendered":"Saladette &#8211; 257 l &#8211; 90 cm &#8211; 2 Portas"},"content":{"rendered":"","protected":false},"excerpt":{"rendered":"<p>Esta bonita saladette refrigerada inclui duas portas e uma pr\u00e1tica t\u00e1bua de corte. O tampo e a tampa deste aparelho com acabamentos luxuosos foram fabricados em a\u00e7o inoxid\u00e1vel. Com uma capacidade de 257 L por baixo, pode manter muitos ingredientes refrigerados para preparar saladas e sandu\u00edches. consulte Mais informa\u00e7\u00e3o<\/p>\n","protected":false},"featured_media":9496516,"comment_status":"open","ping_status":"closed","template":"","meta":[],"product_cat":[21,80],"product_tag":[],"class_list":["post-9496517","product","type-product","status-publish","has-post-thumbnail","hentry","product_cat-restauracao","product_cat-saladete","product_shipping_class-gph"],"_links":{"self":[{"href":"https:\/\/tpohotelariaecasa.pt\/index.php\/wp-json\/wp\/v2\/product\/9496517"}],"collection":[{"href":"https:\/\/tpohotelariaecasa.pt\/index.php\/wp-json\/wp\/v2\/product"}],"about":[{"href":"https:\/\/tpohotelariaecasa.pt\/index.php\/wp-json\/wp\/v2\/types\/product"}],"replies":[{"embeddable":true,"href":"https:\/\/tpohotelariaecasa.pt\/index.php\/wp-json\/wp\/v2\/comments?post=9496517"}],"wp:featuredmedia":[{"embeddable":true,"href":"https:\/\/tpohotelariaecasa.pt\/index.php\/wp-json\/wp\/v2\/media\/9496516"}],"wp:attachment":[{"href":"https:\/\/tpohotelariaecasa.pt\/index.php\/wp-json\/wp\/v2\/media?parent=9496517"}],"wp:term":[{"taxonomy":"product_cat","embeddable":true,"href":"https:\/\/tpohotelariaecasa.pt\/index.php\/wp-json\/wp\/v2\/product_cat?post=9496517"},{"taxonomy":"product_tag","embeddable":true,"href":"https:\/\/tpohotelariaecasa.pt\/index.php\/wp-json\/wp\/v2\/product_tag?post=9496517"}],"curies":[{"name":"wp","href":"https:\/\/api.w.org\/{rel}","templated":true}]}}