{"id":9496525,"date":"2025-03-20T11:09:42","date_gmt":"2025-03-20T11:09:42","guid":{"rendered":"https:\/\/tpohotelariaecasa.pt\/index.php\/product\/rolo-de-massa-o30-cm-rolo-duplo\/"},"modified":"2025-04-03T09:10:14","modified_gmt":"2025-04-03T09:10:14","slug":"rolo-de-massa-o30-cm-rolo-duplo","status":"publish","type":"product","link":"https:\/\/tpohotelariaecasa.pt\/index.php\/product\/rolo-de-massa-o30-cm-rolo-duplo\/","title":{"rendered":"Rolo de Massa &#8211; \u00d830 cm &#8211; Rolo Duplo"},"content":{"rendered":"","protected":false},"excerpt":{"rendered":"<p>Com este rolo duplo, pode fazer bases de pizza redondas profissionais com um di\u00e2metro entre 14 e 30cm. A massa n\u00e3o aquece ao ser enrolada e pode tirar muito trabalho manual das suas m\u00e3os. consulte Mais informa\u00e7\u00e3o<\/p>\n","protected":false},"featured_media":9496524,"comment_status":"open","ping_status":"closed","template":"","meta":[],"product_cat":[21,128],"product_tag":[],"class_list":["post-9496525","product","type-product","status-publish","has-post-thumbnail","hentry","product_cat-restauracao","product_cat-rolos-de-massa","product_shipping_class-gph"],"_links":{"self":[{"href":"https:\/\/tpohotelariaecasa.pt\/index.php\/wp-json\/wp\/v2\/product\/9496525"}],"collection":[{"href":"https:\/\/tpohotelariaecasa.pt\/index.php\/wp-json\/wp\/v2\/product"}],"about":[{"href":"https:\/\/tpohotelariaecasa.pt\/index.php\/wp-json\/wp\/v2\/types\/product"}],"replies":[{"embeddable":true,"href":"https:\/\/tpohotelariaecasa.pt\/index.php\/wp-json\/wp\/v2\/comments?post=9496525"}],"wp:featuredmedia":[{"embeddable":true,"href":"https:\/\/tpohotelariaecasa.pt\/index.php\/wp-json\/wp\/v2\/media\/9496524"}],"wp:attachment":[{"href":"https:\/\/tpohotelariaecasa.pt\/index.php\/wp-json\/wp\/v2\/media?parent=9496525"}],"wp:term":[{"taxonomy":"product_cat","embeddable":true,"href":"https:\/\/tpohotelariaecasa.pt\/index.php\/wp-json\/wp\/v2\/product_cat?post=9496525"},{"taxonomy":"product_tag","embeddable":true,"href":"https:\/\/tpohotelariaecasa.pt\/index.php\/wp-json\/wp\/v2\/product_tag?post=9496525"}],"curies":[{"name":"wp","href":"https:\/\/api.w.org\/{rel}","templated":true}]}}