{"id":9496740,"date":"2025-04-03T08:53:15","date_gmt":"2025-04-03T08:53:15","guid":{"rendered":"https:\/\/tpohotelariaecasa.pt\/?post_type=product&#038;p=9496740"},"modified":"2025-04-03T09:10:16","modified_gmt":"2025-04-03T09:10:16","slug":"grelhador-salamandra-64-x-30-cm-3600w","status":"publish","type":"product","link":"https:\/\/tpohotelariaecasa.pt\/index.php\/product\/grelhador-salamandra-64-x-30-cm-3600w\/","title":{"rendered":"Grelhador Salamandra &#8211; 64 x 30 cm &#8211; 3600W"},"content":{"rendered":"<ul>\n<li>Grelha de salamandra profissional<\/li>\n<li>Perfeito para grelhar, gratinar e aquecer<\/li>\n<li>Bonito grelhador de design americano<\/li>\n<li>Constru\u00e7\u00e3o em a\u00e7o inoxid\u00e1vel para servi\u00e7o pesado<\/li>\n<li>Elementos de aquecimento de liga dur\u00e1vel<\/li>\n<li>Com indicador de temperatura<\/li>\n<li>Poderoso dispositivo para grelhar facilmente<\/li>\n<li>Interruptor infinito com fun\u00e7\u00e3o cont\u00ednua<\/li>\n<li>Grelha ajust\u00e1vel em a\u00e7o inoxid\u00e1vel para qualquer posi\u00e7\u00e3o \u00f3ptima<\/li>\n<li>Tabuleiro de migalhas em a\u00e7o inoxid\u00e1vel no fundo<\/li>\n<li>Pegas isolantes de baquelite em grelha de a\u00e7o inoxid\u00e1vel<\/li>\n<li>Pode ser facilmente pendurado ou colocado sobre uma mesa<\/li>\n<li>F\u00e1cil de limpar<\/li>\n<li>Peso l\u00edquido: 28 Kg<\/li>\n<li>Dimens\u00f5es da c\u00e2mara: H330 x W646 x D405 mm<\/li>\n<li>Dimens\u00f5es: H470 x W800 x D450 mm<\/li>\n<li>230V\/50Hz\/1Fase 3600 Watt<\/li>\n<\/ul>\n<ul>\n<li>Peso l\u00edquido: 28kg<\/li>\n<li>Dimens\u00f5es da c\u00e2mara interior: W64,6 x D40,5 x H33cm<\/li>\n<li>Dimens\u00f5es: L80 x D45 x H47cm<\/li>\n<li>230V\/50Hz\/1Fase 3600W<\/li>\n<\/ul>\n","protected":false},"excerpt":{"rendered":"<p>Grelha de salamandra profissional Perfeito para grelhar, gratinar e aquecer Bonito grelhador de design americano Constru\u00e7\u00e3o em a\u00e7o inoxid\u00e1vel para servi\u00e7o pesado Elementos de aquecimento de liga dur\u00e1vel Com indicador de temperatura Poderoso dispositivo para grelhar facilmente Interruptor infinito com fun\u00e7\u00e3o cont\u00ednua Grelha ajust\u00e1vel em a\u00e7o inoxid\u00e1vel para qualquer posi\u00e7\u00e3o \u00f3ptima Tabuleiro de migalhas em [&hellip;]<\/p>\n","protected":false},"featured_media":9496741,"comment_status":"open","ping_status":"closed","template":"","meta":[],"product_cat":[796,788],"product_tag":[],"class_list":["post-9496740","product","type-product","status-publish","has-post-thumbnail","hentry","product_cat-salamandras","product_cat-equipcafebar","product_shipping_class-pph"],"_links":{"self":[{"href":"https:\/\/tpohotelariaecasa.pt\/index.php\/wp-json\/wp\/v2\/product\/9496740"}],"collection":[{"href":"https:\/\/tpohotelariaecasa.pt\/index.php\/wp-json\/wp\/v2\/product"}],"about":[{"href":"https:\/\/tpohotelariaecasa.pt\/index.php\/wp-json\/wp\/v2\/types\/product"}],"replies":[{"embeddable":true,"href":"https:\/\/tpohotelariaecasa.pt\/index.php\/wp-json\/wp\/v2\/comments?post=9496740"}],"wp:featuredmedia":[{"embeddable":true,"href":"https:\/\/tpohotelariaecasa.pt\/index.php\/wp-json\/wp\/v2\/media\/9496741"}],"wp:attachment":[{"href":"https:\/\/tpohotelariaecasa.pt\/index.php\/wp-json\/wp\/v2\/media?parent=9496740"}],"wp:term":[{"taxonomy":"product_cat","embeddable":true,"href":"https:\/\/tpohotelariaecasa.pt\/index.php\/wp-json\/wp\/v2\/product_cat?post=9496740"},{"taxonomy":"product_tag","embeddable":true,"href":"https:\/\/tpohotelariaecasa.pt\/index.php\/wp-json\/wp\/v2\/product_tag?post=9496740"}],"curies":[{"name":"wp","href":"https:\/\/api.w.org\/{rel}","templated":true}]}}