{"id":9496754,"date":"2025-04-03T15:25:54","date_gmt":"2025-04-03T15:25:54","guid":{"rendered":"https:\/\/tpohotelariaecasa.pt\/?post_type=product&#038;p=9496754"},"modified":"2025-04-03T15:25:55","modified_gmt":"2025-04-03T15:25:55","slug":"fritadeira-12-litros-6l6l-industrial","status":"publish","type":"product","link":"https:\/\/tpohotelariaecasa.pt\/index.php\/product\/fritadeira-12-litros-6l6l-industrial\/","title":{"rendered":"Fritadeira 12 Litros (6l+6l) industrial"},"content":{"rendered":"<p>Caracter\u00edsticas das fritadeiras de bancada:<\/p>\n<p>\u25cf Fritadeira de bancada potente com tampa em a\u00e7o inoxid\u00e1vel<\/p>\n<p>\u25cf Higi\u00e9nica, segura e f\u00e1cil de limpar<\/p>\n<p>\u25cf Ideal para batatas fritas e in\u00fameros outros fast-food fritos<\/p>\n<p>\u25cf Controlo termost\u00e1tico ajust\u00e1vel<\/p>\n<p>\u25cf Cesto inclu\u00eddo<\/p>\n<p>\u25cf Tampa amov\u00edvel<\/p>\n<p>Especifica\u00e7\u00f5es: Tipo de energia: El\u00e9trica 220 V, 50 Hz, 5 kW<\/p>\n<p>Temperatura: 50-200\u2103 Capacidade: 6x2L<\/p>\n<p>Material:A\u00e7o inoxid\u00e1vel Dimens\u00f5es: 560 mm \u00d7 430 mm \u00d7 310 mm<\/p>\n","protected":false},"excerpt":{"rendered":"<p>Caracter\u00edsticas das fritadeiras de bancada: \u25cf Fritadeira de bancada potente com tampa em a\u00e7o inoxid\u00e1vel \u25cf Higi\u00e9nica, segura e f\u00e1cil de limpar \u25cf Ideal para batatas fritas e in\u00fameros outros fast-food fritos \u25cf Controlo termost\u00e1tico ajust\u00e1vel \u25cf Cesto inclu\u00eddo \u25cf Tampa amov\u00edvel Especifica\u00e7\u00f5es: Tipo de energia: El\u00e9trica 220 V, 50 Hz, 5 kW Temperatura: 50-200\u2103 [&hellip;]<\/p>\n","protected":false},"featured_media":9496755,"comment_status":"open","ping_status":"closed","template":"","meta":[],"product_cat":[793,788,21,89],"product_tag":[],"class_list":["post-9496754","product","type-product","status-publish","has-post-thumbnail","hentry","product_cat-fritadeiras-equipcafebar","product_cat-equipcafebar","product_cat-restauracao","product_cat-fritadeiras"],"_links":{"self":[{"href":"https:\/\/tpohotelariaecasa.pt\/index.php\/wp-json\/wp\/v2\/product\/9496754"}],"collection":[{"href":"https:\/\/tpohotelariaecasa.pt\/index.php\/wp-json\/wp\/v2\/product"}],"about":[{"href":"https:\/\/tpohotelariaecasa.pt\/index.php\/wp-json\/wp\/v2\/types\/product"}],"replies":[{"embeddable":true,"href":"https:\/\/tpohotelariaecasa.pt\/index.php\/wp-json\/wp\/v2\/comments?post=9496754"}],"wp:featuredmedia":[{"embeddable":true,"href":"https:\/\/tpohotelariaecasa.pt\/index.php\/wp-json\/wp\/v2\/media\/9496755"}],"wp:attachment":[{"href":"https:\/\/tpohotelariaecasa.pt\/index.php\/wp-json\/wp\/v2\/media?parent=9496754"}],"wp:term":[{"taxonomy":"product_cat","embeddable":true,"href":"https:\/\/tpohotelariaecasa.pt\/index.php\/wp-json\/wp\/v2\/product_cat?post=9496754"},{"taxonomy":"product_tag","embeddable":true,"href":"https:\/\/tpohotelariaecasa.pt\/index.php\/wp-json\/wp\/v2\/product_tag?post=9496754"}],"curies":[{"name":"wp","href":"https:\/\/api.w.org\/{rel}","templated":true}]}}